{"id":99,"date":"2021-05-02T06:36:19","date_gmt":"2021-05-02T06:36:19","guid":{"rendered":"https:\/\/www.plasroll.com.br\/index.php\/about\/"},"modified":"2025-08-13T16:34:14","modified_gmt":"2025-08-13T16:34:14","slug":"sobre-nos","status":"publish","type":"page","link":"https:\/\/www.plasroll.com.br\/index.php\/sobre-nos\/","title":{"rendered":"Sobre N\u00f3s"},"content":{"rendered":"\t\t<div data-elementor-type=\"wp-page\" data-elementor-id=\"99\" class=\"elementor elementor-99\" data-elementor-post-type=\"page\">\n\t\t\t\t<div class=\"aux-parallax-section elementor-element elementor-element-e5d5708 e-flex e-con-boxed e-con e-parent\" data-id=\"e5d5708\" data-element_type=\"container\">\n\t\t\t\t\t<div class=\"e-con-inner\">\n\t\t<div class=\"elementor-element elementor-element-98e0d97 e-con-full e-flex e-con e-child\" data-id=\"98e0d97\" data-element_type=\"container\">\n\t\t\t\t<div class=\"elementor-element elementor-element-09fc72e aux-appear-watch-animation aux-scale-down elementor-widget elementor-widget-aux_modern_heading\" data-id=\"09fc72e\" data-element_type=\"widget\" data-widget_type=\"aux_modern_heading.default\">\n\t\t\t\t<div class=\"elementor-widget-container\">\n\t\t\t\t\t<section class=\"aux-widget-modern-heading\">\n            <div class=\"aux-widget-inner\"><h5 class=\"aux-modern-heading-primary\">Conhe\u00e7a a Plasroll<\/h5><h1 class=\"aux-modern-heading-secondary\"><span class=\"aux-head-before\">Sacolas Personalizadas de excel\u00eancia.<\/span><span class=\"aux-head-highlight\"> <br>Desde 2014!<\/span><\/h1><\/div>\n        <\/section>\t\t\t\t<\/div>\n\t\t\t\t<\/div>\n\t\t\t\t<\/div>\n\t\t\t\t\t<\/div>\n\t\t\t\t<\/div>\n\t\t<div class=\"aux-parallax-section elementor-element elementor-element-cb9a2c7 e-flex e-con-boxed e-con e-parent\" data-id=\"cb9a2c7\" data-element_type=\"container\">\n\t\t\t\t\t<div class=\"e-con-inner\">\n\t\t<div class=\"elementor-element elementor-element-6fd2d55 e-con-full e-flex e-con e-child\" data-id=\"6fd2d55\" data-element_type=\"container\">\n\t\t\t\t<div class=\"elementor-element elementor-element-2a5d806 aux-appear-watch-animation aux-fade-in-up elementor-widget elementor-widget-aux_modern_heading\" data-id=\"2a5d806\" data-element_type=\"widget\" data-widget_type=\"aux_modern_heading.default\">\n\t\t\t\t<div class=\"elementor-widget-container\">\n\t\t\t\t\t<section class=\"aux-widget-modern-heading\">\n            <div class=\"aux-widget-inner\"><h5 class=\"aux-modern-heading-primary\"><\/h5><div class=\"aux-modern-heading-description\">\n<p data-start=\"137\" data-end=\"354\"><strong data-start=\"137\" data-end=\"151\">Desde 2014<\/strong>, a <strong data-start=\"155\" data-end=\"167\">Plasroll<\/strong> entrega qualidade, inova\u00e7\u00e3o e confian\u00e7a na produ\u00e7\u00e3o de <strong data-start=\"223\" data-end=\"269\">sacolas personalizadas de alta resist\u00eancia<\/strong>, ideais para valorizar sua marca e garantir praticidade no dia a dia do seu neg\u00f3cio.<\/p>\n<p data-start=\"356\" data-end=\"622\">Atendemos diversos segmentos \u2014 de <strong data-start=\"390\" data-end=\"421\">feiras livres e hortifrutis<\/strong> at\u00e9 <strong data-start=\"426\" data-end=\"464\">supermercados, lojas e atacadistas<\/strong> \u2014 sempre com foco na <strong data-start=\"486\" data-end=\"517\">excel\u00eancia da mat\u00e9ria-prima<\/strong>, no <strong data-start=\"522\" data-end=\"546\">acabamento impec\u00e1vel<\/strong> e na <strong data-start=\"552\" data-end=\"581\">personaliza\u00e7\u00e3o sob medida<\/strong>, com a identidade visual da sua empresa.<\/p>\n<p data-start=\"624\" data-end=\"848\">Nossas sacolas s\u00e3o fabricadas com tecnologia de ponta, garantindo <strong data-start=\"690\" data-end=\"741\">durabilidade, seguran\u00e7a e \u00f3timo custo-benef\u00edcio<\/strong>. Oferecemos diferentes tamanhos, espessuras e cores, adaptando cada pedido \u00e0s necessidades do seu mercado.<\/p>\n\n<p data-start=\"850\" data-end=\"997\">Outro diferencial da Plasroll \u00e9 a <strong data-start=\"884\" data-end=\"905\">log\u00edstica pr\u00f3pria<\/strong>: entregas r\u00e1pidas e seguras, com a agilidade e comprometimento que nossos clientes merecem.<\/p>\n<p data-start=\"999\" data-end=\"1161\">Mais do que sacolas, oferecemos <strong data-start=\"1031\" data-end=\"1069\">solu\u00e7\u00f5es inteligentes de embalagem<\/strong> que destacam sua marca, <strong data-start=\"1094\" data-end=\"1132\">fortalecem sua presen\u00e7a no mercado<\/strong> e <strong data-start=\"1135\" data-end=\"1160\">otimizam sua opera\u00e7\u00e3o<\/strong>.<\/p>\n<p data-start=\"1163\" data-end=\"1234\">\ud83d\udd39 <strong data-start=\"1166\" data-end=\"1234\">Plasroll \u2014 Embalagens que carregam sua marca com for\u00e7a e estilo.<\/strong><\/p>\n\n\n<\/div><\/div>\n        <\/section>\t\t\t\t<\/div>\n\t\t\t\t<\/div>\n\t\t\t\t<\/div>\n\t\t\t\t\t<\/div>\n\t\t\t\t<\/div>\n\t\t<div class=\"aux-parallax-section elementor-element elementor-element-9d6f63b e-flex e-con-boxed e-con e-parent\" data-id=\"9d6f63b\" data-element_type=\"container\">\n\t\t\t\t\t<div class=\"e-con-inner\">\n\t\t<div class=\"elementor-element elementor-element-ff53a47 e-con-full e-flex e-con e-child\" data-id=\"ff53a47\" data-element_type=\"container\">\n\t\t\t\t<div class=\"elementor-element elementor-element-4b4e52d elementor-invisible elementor-widget elementor-widget-image\" data-id=\"4b4e52d\" data-element_type=\"widget\" data-settings=\"{&quot;motion_fx_motion_fx_scrolling&quot;:&quot;yes&quot;,&quot;motion_fx_scale_effect&quot;:&quot;yes&quot;,&quot;motion_fx_scale_speed&quot;:{&quot;unit&quot;:&quot;px&quot;,&quot;size&quot;:1,&quot;sizes&quot;:[]},&quot;motion_fx_motion_fx_mouse&quot;:&quot;yes&quot;,&quot;_animation&quot;:&quot;fadeInRight&quot;,&quot;motion_fx_scale_direction&quot;:&quot;out-in&quot;,&quot;motion_fx_scale_range&quot;:{&quot;unit&quot;:&quot;%&quot;,&quot;size&quot;:&quot;&quot;,&quot;sizes&quot;:{&quot;start&quot;:20,&quot;end&quot;:80}},&quot;motion_fx_devices&quot;:[&quot;desktop&quot;,&quot;tablet&quot;,&quot;mobile&quot;]}\" data-widget_type=\"image.default\">\n\t\t\t\t<div class=\"elementor-widget-container\">\n\t\t\t\t\t\t\t\t\t\t\t\t\t\t\t<img fetchpriority=\"high\" decoding=\"async\" width=\"800\" height=\"533\" src=\"https:\/\/www.plasroll.com.br\/wp-content\/uploads\/2025\/04\/MG_2316-OK.jpg\" class=\"attachment-large size-large wp-image-1249\" alt=\"\" srcset=\"https:\/\/www.plasroll.com.br\/wp-content\/uploads\/2025\/04\/MG_2316-OK.jpg 800w, https:\/\/www.plasroll.com.br\/wp-content\/uploads\/2025\/04\/MG_2316-OK-200x133.jpg 200w\" sizes=\"(max-width: 800px) 100vw, 800px\" \/>\t\t\t\t\t\t\t\t\t\t\t\t\t\t\t<\/div>\n\t\t\t\t<\/div>\n\t\t\t\t<\/div>\n\t\t<div class=\"elementor-element elementor-element-874ac3c e-con-full e-flex e-con e-child\" data-id=\"874ac3c\" data-element_type=\"container\">\n\t\t\t\t<div class=\"elementor-element elementor-element-36553f5 elementor-invisible elementor-widget elementor-widget-image\" data-id=\"36553f5\" data-element_type=\"widget\" data-settings=\"{&quot;motion_fx_motion_fx_scrolling&quot;:&quot;yes&quot;,&quot;motion_fx_scale_effect&quot;:&quot;yes&quot;,&quot;motion_fx_scale_speed&quot;:{&quot;unit&quot;:&quot;px&quot;,&quot;size&quot;:1,&quot;sizes&quot;:[]},&quot;motion_fx_motion_fx_mouse&quot;:&quot;yes&quot;,&quot;_animation&quot;:&quot;fadeInRight&quot;,&quot;motion_fx_scale_direction&quot;:&quot;out-in&quot;,&quot;motion_fx_scale_range&quot;:{&quot;unit&quot;:&quot;%&quot;,&quot;size&quot;:&quot;&quot;,&quot;sizes&quot;:{&quot;start&quot;:20,&quot;end&quot;:80}},&quot;motion_fx_devices&quot;:[&quot;desktop&quot;,&quot;tablet&quot;,&quot;mobile&quot;]}\" data-widget_type=\"image.default\">\n\t\t\t\t<div class=\"elementor-widget-container\">\n\t\t\t\t\t\t\t\t\t\t\t\t\t\t\t<img decoding=\"async\" width=\"800\" height=\"533\" src=\"https:\/\/www.plasroll.com.br\/wp-content\/uploads\/2025\/04\/EvidAncia-Revista-Plask-50.jpg\" class=\"attachment-large size-large wp-image-1250\" alt=\"\" srcset=\"https:\/\/www.plasroll.com.br\/wp-content\/uploads\/2025\/04\/EvidAncia-Revista-Plask-50.jpg 800w, https:\/\/www.plasroll.com.br\/wp-content\/uploads\/2025\/04\/EvidAncia-Revista-Plask-50-200x133.jpg 200w\" sizes=\"(max-width: 800px) 100vw, 800px\" \/>\t\t\t\t\t\t\t\t\t\t\t\t\t\t\t<\/div>\n\t\t\t\t<\/div>\n\t\t\t\t<\/div>\n\t\t\t\t\t<\/div>\n\t\t\t\t<\/div>\n\t\t<div class=\"aux-parallax-section elementor-element elementor-element-1c5ad65 e-flex e-con-boxed e-con e-parent\" data-id=\"1c5ad65\" data-element_type=\"container\">\n\t\t\t\t\t<div class=\"e-con-inner\">\n\t\t<div class=\"elementor-element elementor-element-6bbaf78 e-con-full e-flex e-con e-child\" data-id=\"6bbaf78\" data-element_type=\"container\">\n\t\t\t\t<div class=\"elementor-element elementor-element-63f7942 aux-appear-watch-animation aux-scale-down elementor-widget elementor-widget-aux_modern_heading\" data-id=\"63f7942\" data-element_type=\"widget\" data-widget_type=\"aux_modern_heading.default\">\n\t\t\t\t<div class=\"elementor-widget-container\">\n\t\t\t\t\t<section class=\"aux-widget-modern-heading\">\n            <div class=\"aux-widget-inner\"><h5 class=\"aux-modern-heading-primary\">Miss\u00e3o, Vis\u00e3o e Valores<\/h5><h1 class=\"aux-modern-heading-secondary\"><span class=\"aux-head-before\">Nossos princ\u00edpios inegoci\u00e1veis<\/span><\/h1><\/div>\n        <\/section>\t\t\t\t<\/div>\n\t\t\t\t<\/div>\n\t\t\t\t<\/div>\n\t\t\t\t\t<\/div>\n\t\t\t\t<\/div>\n\t\t<div class=\"aux-parallax-section elementor-element elementor-element-7199195 e-grid e-con-boxed e-con e-parent\" data-id=\"7199195\" data-element_type=\"container\">\n\t\t\t\t\t<div class=\"e-con-inner\">\n\t\t\t\t<div class=\"elementor-element elementor-element-b069644 elementor-widget elementor-widget-aux_text\" data-id=\"b069644\" data-element_type=\"widget\" data-widget_type=\"aux_text.default\">\n\t\t\t\t<div class=\"elementor-widget-container\">\n\t\t\t\t\t<section class=\"widget-container aux-widget-text aux-parent-au4aecec8d\">        <div class=\"aux-widget-advanced-text aux-wrap-style-simple aux-ico-pos-top aux-text-center aux-text-resp- aux-text-color-dark aux-text-widget-bg-center  \" >\n                    <div class=\"aux-text-widget-overlay\" style=\"background-color: #1C398C; \"><\/div>\n        \n                            <div class=\"aux-text-widget-header \"  >\n                        <div class=\"aux-ico-box aux-ico-large aux-ico-shape-circle aux-ico-clear \">\n                            <i aria-hidden=\"true\" class=\"aux-ico fas fa-mountain\"><\/i>                        <\/div>\n                <\/div>\n            \n            <div class=\"aux-text-inner aux-text-widget-content\">\n                                <h4 class=\"col-title\">Miss\u00e3o<\/h4>\n                                <div class=\"widget-content\">\n                                        <p>Produzir e comericalizar embalagens pll\u00e1sticas de alta qualidade, utilizando materiais de excel\u00eancia para garantir a satisfa\u00e7\u00e3o plena de nossos clientes.<\/p>                <\/div>\n                            <\/div>\n        <\/div>\n                    <div class=\"aux-text-widget-footer\">\n                <div class=\"aux-border-shape-none \">\n                                <\/div>\n            <\/div>\n        \n<\/section><!-- widget-container -->\t\t\t\t<\/div>\n\t\t\t\t<\/div>\n\t\t\t\t<div class=\"elementor-element elementor-element-b89eb07 elementor-widget elementor-widget-aux_text\" data-id=\"b89eb07\" data-element_type=\"widget\" data-widget_type=\"aux_text.default\">\n\t\t\t\t<div class=\"elementor-widget-container\">\n\t\t\t\t\t<section class=\"widget-container aux-widget-text aux-parent-au85703273\">        <div class=\"aux-widget-advanced-text aux-wrap-style-simple aux-ico-pos-top aux-text-center aux-text-resp- aux-text-color-dark aux-text-widget-bg-center  \" >\n                    <div class=\"aux-text-widget-overlay\" style=\"background-color: #1C398C; \"><\/div>\n        \n                            <div class=\"aux-text-widget-header \"  >\n                        <div class=\"aux-ico-box aux-ico-large aux-ico-shape-circle aux-ico-clear \">\n                            <i aria-hidden=\"true\" class=\"aux-ico fas fa-bullseye\"><\/i>                        <\/div>\n                <\/div>\n            \n            <div class=\"aux-text-inner aux-text-widget-content\">\n                                <h4 class=\"col-title\">Vis\u00e3o<\/h4>\n                                <div class=\"widget-content\">\n                                        <p>Estabelecer-nos como refer\u00eancia de qualidade no mercado, reconhecidos pela nossa inova\u00e7\u00e3o e excel\u00eancia em embalagens pl\u00e1sticas.<\/p>                <\/div>\n                            <\/div>\n        <\/div>\n                    <div class=\"aux-text-widget-footer\">\n                <div class=\"aux-border-shape-none \">\n                                <\/div>\n            <\/div>\n        \n<\/section><!-- widget-container -->\t\t\t\t<\/div>\n\t\t\t\t<\/div>\n\t\t\t\t<div class=\"elementor-element elementor-element-5ce522c elementor-widget elementor-widget-aux_text\" data-id=\"5ce522c\" data-element_type=\"widget\" data-widget_type=\"aux_text.default\">\n\t\t\t\t<div class=\"elementor-widget-container\">\n\t\t\t\t\t<section class=\"widget-container aux-widget-text aux-parent-aua6e78d80\">        <div class=\"aux-widget-advanced-text aux-wrap-style-simple aux-ico-pos-top aux-text-center aux-text-resp- aux-text-color-dark aux-text-widget-bg-center  \" >\n                    <div class=\"aux-text-widget-overlay\" style=\"background-color: #1C398C; \"><\/div>\n        \n                            <div class=\"aux-text-widget-header \"  >\n                        <div class=\"aux-ico-box aux-ico-large aux-ico-shape-circle aux-ico-clear \">\n                            <i aria-hidden=\"true\" class=\"aux-ico auxicon auxicon-diamond\"><\/i>                        <\/div>\n                <\/div>\n            \n            <div class=\"aux-text-inner aux-text-widget-content\">\n                                <h4 class=\"col-title\">Valores<\/h4>\n                                <div class=\"widget-content\">\n                                        <p>- Responsabilidade <br \/>- Valoriza\u00e7\u00e3o pessoal<br \/>- Integridade<br \/>- Efici\u00eancia<br \/>- Respeito<br \/>- Simplicidade<\/p>                <\/div>\n                            <\/div>\n        <\/div>\n                    <div class=\"aux-text-widget-footer\">\n                <div class=\"aux-border-shape-none \">\n                                <\/div>\n            <\/div>\n        \n<\/section><!-- widget-container -->\t\t\t\t<\/div>\n\t\t\t\t<\/div>\n\t\t\t\t\t<\/div>\n\t\t\t\t<\/div>\n\t\t\t\t<\/div>\n\t\t","protected":false},"excerpt":{"rendered":"<p>Conhe\u00e7a a Plasroll Sacolas Personalizadas de excel\u00eancia. Desde 2014! Desde 2014, a Plasroll entrega qualidade, inova\u00e7\u00e3o e confian\u00e7a na produ\u00e7\u00e3o de sacolas personalizadas de alta resist\u00eancia, ideais para valorizar sua marca e garantir praticidade no dia a dia do seu neg\u00f3cio. Atendemos diversos segmentos \u2014 de feiras livres e hortifrutis at\u00e9 supermercados, lojas e atacadistas [&hellip;]<\/p>\n","protected":false},"author":2,"featured_media":0,"parent":0,"menu_order":0,"comment_status":"closed","ping_status":"closed","template":"templates\/page-builder-content.php","meta":{"footnotes":""},"class_list":["post-99","page","type-page","status-publish","hentry"],"_links":{"self":[{"href":"https:\/\/www.plasroll.com.br\/index.php\/wp-json\/wp\/v2\/pages\/99","targetHints":{"allow":["GET"]}}],"collection":[{"href":"https:\/\/www.plasroll.com.br\/index.php\/wp-json\/wp\/v2\/pages"}],"about":[{"href":"https:\/\/www.plasroll.com.br\/index.php\/wp-json\/wp\/v2\/types\/page"}],"author":[{"embeddable":true,"href":"https:\/\/www.plasroll.com.br\/index.php\/wp-json\/wp\/v2\/users\/2"}],"replies":[{"embeddable":true,"href":"https:\/\/www.plasroll.com.br\/index.php\/wp-json\/wp\/v2\/comments?post=99"}],"version-history":[{"count":31,"href":"https:\/\/www.plasroll.com.br\/index.php\/wp-json\/wp\/v2\/pages\/99\/revisions"}],"predecessor-version":[{"id":1803,"href":"https:\/\/www.plasroll.com.br\/index.php\/wp-json\/wp\/v2\/pages\/99\/revisions\/1803"}],"wp:attachment":[{"href":"https:\/\/www.plasroll.com.br\/index.php\/wp-json\/wp\/v2\/media?parent=99"}],"curies":[{"name":"wp","href":"https:\/\/api.w.org\/{rel}","templated":true}]}}