{"id":96,"date":"2021-05-02T06:36:56","date_gmt":"2021-05-02T06:36:56","guid":{"rendered":"https:\/\/www.plasroll.com.br\/index.php\/contact\/"},"modified":"2025-05-27T18:37:01","modified_gmt":"2025-05-27T18:37:01","slug":"contact","status":"publish","type":"page","link":"https:\/\/www.plasroll.com.br\/index.php\/contact\/","title":{"rendered":"Contact"},"content":{"rendered":"\t\t<div data-elementor-type=\"wp-page\" data-elementor-id=\"96\" class=\"elementor elementor-96\" data-elementor-post-type=\"page\">\n\t\t\t\t<div class=\"aux-parallax-section elementor-element elementor-element-11c2d27 e-flex e-con-boxed e-con e-parent\" data-id=\"11c2d27\" data-element_type=\"container\">\n\t\t\t\t\t<div class=\"e-con-inner\">\n\t\t<div class=\"elementor-element elementor-element-20418ab e-con-full e-flex e-con e-child\" data-id=\"20418ab\" data-element_type=\"container\">\n\t\t\t\t<div class=\"elementor-element elementor-element-29fc72b aux-appear-watch-animation aux-scale-down elementor-widget elementor-widget-aux_modern_heading\" data-id=\"29fc72b\" data-element_type=\"widget\" data-widget_type=\"aux_modern_heading.default\">\n\t\t\t\t<div class=\"elementor-widget-container\">\n\t\t\t\t\t<section class=\"aux-widget-modern-heading\">\n            <div class=\"aux-widget-inner\"><h5 class=\"aux-modern-heading-primary\"><\/h5><h1 class=\"aux-modern-heading-secondary\"><span class=\"aux-head-before\">Entre em Contato<\/span><\/h1><div class=\"aux-modern-heading-description\"><p>Fale conosco ou nos fa\u00e7a uma visita:<\/p><\/div><\/div>\n        <\/section>\t\t\t\t<\/div>\n\t\t\t\t<\/div>\n\t\t\t\t<div class=\"elementor-element elementor-element-5b28425 aux-appear-watch-animation aux-fade-in-up elementor-widget elementor-widget-aux_text\" data-id=\"5b28425\" data-element_type=\"widget\" data-widget_type=\"aux_text.default\">\n\t\t\t\t<div class=\"elementor-widget-container\">\n\t\t\t\t\t<section class=\"widget-container aux-widget-text aux-parent-au5888a337\">        <div class=\"aux-widget-advanced-text aux-wrap-style-simple aux-ico-pos-left aux-text-left aux-text-resp- aux-text-color-dark aux-text-widget-bg-center  \" >\n        \n                            <div class=\"aux-text-widget-header \"  >\n                        <div class=\"aux-ico-box aux-ico-large aux-ico-clear \">\n                                                                <svg xmlns=\"http:\/\/www.w3.org\/2000\/svg\" width=\"26.549\" height=\"33.276\" viewBox=\"0 0 26.549 33.276\"><g transform=\"translate(0 0)\"><path d=\"M13.27,33.276a1.144,1.144,0,0,1-.734-.266c-6.791-5.643-9.9-10.817-11.312-14.164a13.24,13.24,0,0,1-.894-2.633C.263,15.946.241,15.8.24,15.8A13.28,13.28,0,0,1,12.8.008C12.96,0,13.122,0,13.28,0A13.269,13.269,0,0,1,26.549,13.272a13.436,13.436,0,0,1-.239,2.517s-.027.152-.089.416a12.762,12.762,0,0,1-.894,2.634C23.91,22.195,20.8,27.376,14.009,33.01A1.166,1.166,0,0,1,13.27,33.276Zm0-26.295a6.448,6.448,0,1,0,6.448,6.448A6.455,6.455,0,0,0,13.272,6.981Z\" fill=\"#002bff\" \/><\/g><\/svg>                                                    <\/div>\n                <\/div>\n            \n            <div class=\"aux-text-inner aux-text-widget-content\">\n                                <h4 class=\"col-title\"><a href=\"https:\/\/maps.app.goo.gl\/ArQXhBCJBZF1sdgN7\">Endere\u00e7o:<\/a><\/h4>\n                                <div class=\"widget-content\">\n                                        <div class=\"address\">R. Jo\u00e3o Duva, 63 - Distrito Industrial, S\u00e3o Jos\u00e9 do Rio Pardo - SP, 13720-000<\/div>                <\/div>\n                            <\/div>\n        <\/div>\n                    <div class=\"aux-text-widget-footer\">\n                <div class=\"aux-border-shape-none \">\n                                <\/div>\n            <\/div>\n        \n<\/section><!-- widget-container -->\t\t\t\t<\/div>\n\t\t\t\t<\/div>\n\t\t\t\t<div class=\"elementor-element elementor-element-eb6efb3 aux-appear-watch-animation aux-fade-in-up elementor-widget elementor-widget-aux_text\" data-id=\"eb6efb3\" data-element_type=\"widget\" data-widget_type=\"aux_text.default\">\n\t\t\t\t<div class=\"elementor-widget-container\">\n\t\t\t\t\t<section class=\"widget-container aux-widget-text aux-parent-au20ff2c0e\">        <div class=\"aux-widget-advanced-text aux-wrap-style-simple aux-ico-pos-left aux-text-left aux-text-resp- aux-text-color-dark aux-text-widget-bg-center  \" >\n        \n                            <div class=\"aux-text-widget-header \"  >\n                        <div class=\"aux-ico-box aux-ico-large aux-ico-clear \">\n                                                                <svg xmlns=\"http:\/\/www.w3.org\/2000\/svg\" width=\"31.996\" height=\"31.999\" viewBox=\"0 0 31.996 31.999\"><g transform=\"translate(-0.004)\"><path d=\"M8.085,10.013h0L0,1.929,1.034.9A3.056,3.056,0,0,1,5.357.9l3.761,3.76a3.057,3.057,0,0,1,0,4.324L8.085,10.013Z\" transform=\"translate(21.986 18.477)\" fill=\"#fff\" \/><path d=\"M8.085,10.013h0L0,1.929,1.034.9A3.057,3.057,0,0,1,5.358.9l3.76,3.76a3.06,3.06,0,0,1,0,4.324L8.085,10.013Z\" transform=\"translate(3.508)\" fill=\"#fff\" \/><path d=\"M22.616,28.648a13.155,13.155,0,0,1-4.177-.735,28.99,28.99,0,0,1-10.6-7.1,28.978,28.978,0,0,1-7.1-10.6C-.595,6.254-.1,2.724,2.153,0l8.123,8.123c-1.761,2.744.833,6.01,2.535,7.713,1.426,1.426,3.574,3.126,5.707,3.126a3.657,3.657,0,0,0,2.006-.591L28.648,26.5A9.212,9.212,0,0,1,22.616,28.648Z\" transform=\"translate(0 3.351)\" fill=\"#fff\" \/><\/g><\/svg>                                                    <\/div>\n                <\/div>\n            \n            <div class=\"aux-text-inner aux-text-widget-content\">\n                                <h4 class=\"col-title\">Telefones:<\/h4>\n                                <div class=\"widget-content\">\n                                        Fixo: (19) 3680-0989<br>\nWhatsApp (Vendas):(19) 99287-8884                <\/div>\n                            <\/div>\n        <\/div>\n                    <div class=\"aux-text-widget-footer\">\n                <div class=\"aux-border-shape-none \">\n                                <\/div>\n            <\/div>\n        \n<\/section><!-- widget-container -->\t\t\t\t<\/div>\n\t\t\t\t<\/div>\n\t\t\t\t<div class=\"elementor-element elementor-element-35aa5b0 aux-appear-watch-animation aux-fade-in-up elementor-widget elementor-widget-aux_text\" data-id=\"35aa5b0\" data-element_type=\"widget\" data-widget_type=\"aux_text.default\">\n\t\t\t\t<div class=\"elementor-widget-container\">\n\t\t\t\t\t<section class=\"widget-container aux-widget-text aux-parent-au793e5905\">        <div class=\"aux-widget-advanced-text aux-wrap-style-simple aux-ico-pos-left aux-text-left aux-text-resp- aux-text-color-dark aux-text-widget-bg-center  \" >\n        \n                            <div class=\"aux-text-widget-header \"  >\n                        <div class=\"aux-ico-box aux-ico-large aux-ico-clear \">\n                                                                <svg xmlns=\"http:\/\/www.w3.org\/2000\/svg\" width=\"32.638\" height=\"20.732\" viewBox=\"0 0 32.638 20.732\"><path d=\"M3.133,6.39q.619.353,3.734,2.1t4.772,2.687q.182.1.774.449t.983.56q.392.213.947.478a6.171,6.171,0,0,0,1.047.4,3.505,3.505,0,0,0,.911.132h.037a3.508,3.508,0,0,0,.911-.132,6.177,6.177,0,0,0,1.047-.4q.555-.265.947-.478t.984-.56q.592-.346.774-.449,1.675-.942,8.524-4.786a8.018,8.018,0,0,0,2.222-1.811,3.41,3.41,0,0,0,.893-2.223A2.071,2.071,0,0,0,31.773.692,3.18,3.18,0,0,0,29.724,0H2.914A2.9,2.9,0,0,0,.756.766,2.615,2.615,0,0,0,0,2.68,3.1,3.1,0,0,0,1,4.69,8.45,8.45,0,0,0,3.133,6.39Z\" fill=\"#002bff\" \/><path d=\"M30.817,1.281q-5.973,3.269-9.07,5.08-1.038.618-1.685.964a11.492,11.492,0,0,1-1.721.707,6.309,6.309,0,0,1-2,.361H16.3a6.311,6.311,0,0,1-2-.361,11.5,11.5,0,0,1-1.721-.707q-.646-.346-1.685-.964Q8.433,4.9,1.84,1.281A9.386,9.386,0,0,1,0,0V11.691a2.077,2.077,0,0,0,.856,1.664,3.17,3.17,0,0,0,2.058.692h26.81a3.17,3.17,0,0,0,2.058-.692,2.077,2.077,0,0,0,.856-1.664V0A9.741,9.741,0,0,1,30.817,1.281Z\" transform=\"translate(0 6.685)\" fill=\"#002bff\" \/><\/svg>                                                    <\/div>\n                <\/div>\n            \n            <div class=\"aux-text-inner aux-text-widget-content\">\n                                <h4 class=\"col-title\">Email<\/h4>\n                                <div class=\"widget-content\">\n                                        <p>contato@plasroll.com.br<br \/>rh@plask.com.br\u00a0(Curr\u00edculos)<\/p>                <\/div>\n                            <\/div>\n        <\/div>\n                    <div class=\"aux-text-widget-footer\">\n                <div class=\"aux-border-shape-none \">\n                                <\/div>\n            <\/div>\n        \n<\/section><!-- widget-container -->\t\t\t\t<\/div>\n\t\t\t\t<\/div>\n\t\t\t\t<div class=\"elementor-element elementor-element-2d992a0 aux-appear-watch-animation aux-fade-in-up elementor-widget elementor-widget-aux_text\" data-id=\"2d992a0\" data-element_type=\"widget\" data-widget_type=\"aux_text.default\">\n\t\t\t\t<div class=\"elementor-widget-container\">\n\t\t\t\t\t<section class=\"widget-container aux-widget-text aux-parent-au0417712a\">        <div class=\"aux-widget-advanced-text aux-wrap-style-simple aux-ico-pos-left aux-text-left aux-text-resp- aux-text-color-dark aux-text-widget-bg-center  aux-text-padding-fix \" >\n        \n                            <div class=\"aux-text-widget-header \"  >\n                        <div class=\"aux-ico-box aux-ico-large aux-ico-shape-circle aux-ico-clear \">\n                            <i aria-hidden=\"true\" class=\"aux-ico auxicon auxicon-instagram\"><\/i>                        <\/div>\n                <\/div>\n            \n            <div class=\"aux-text-inner aux-text-widget-content\">\n                                <h4 class=\"col-title\"><a href=\"https:\/\/www.instagram.com\/plaskembalagens\/\">Instagram<\/a><\/h4>\n                                <div class=\"widget-content\">\n                                        <p>@plasrollembalagens<\/p>                <\/div>\n                            <\/div>\n        <\/div>\n                    <div class=\"aux-text-widget-footer\">\n                <div class=\"aux-border-shape-none \">\n                                <\/div>\n            <\/div>\n        \n<\/section><!-- widget-container -->\t\t\t\t<\/div>\n\t\t\t\t<\/div>\n\t\t\t\t<div class=\"elementor-element elementor-element-dac658c aux-appear-watch-animation aux-fade-in-up elementor-widget elementor-widget-aux_text\" data-id=\"dac658c\" data-element_type=\"widget\" data-widget_type=\"aux_text.default\">\n\t\t\t\t<div class=\"elementor-widget-container\">\n\t\t\t\t\t<section class=\"widget-container aux-widget-text aux-parent-au9000cad2\">        <div class=\"aux-widget-advanced-text aux-wrap-style-simple aux-ico-pos-left aux-text-left aux-text-resp- aux-text-color-dark aux-text-widget-bg-center  aux-text-padding-fix \" >\n        \n                            <div class=\"aux-text-widget-header \"  >\n                        <div class=\"aux-ico-box aux-ico-large aux-ico-shape-circle aux-ico-clear \">\n                            <i aria-hidden=\"true\" class=\"aux-ico fab fa-facebook-f\"><\/i>                        <\/div>\n                <\/div>\n            \n            <div class=\"aux-text-inner aux-text-widget-content\">\n                                <h4 class=\"col-title\"><a href=\"https:\/\/www.facebook.com\/PlaskEmbalagens\">Facebook<\/a><\/h4>\n                                <div class=\"widget-content\">\n                                        <p><a href=\"https:\/\/www.facebook.com\/PlasrollEmbalagens\">@Plasroll Embalagens<\/a><\/p>                <\/div>\n                            <\/div>\n        <\/div>\n                    <div class=\"aux-text-widget-footer\">\n                <div class=\"aux-border-shape-none \">\n                                <\/div>\n            <\/div>\n        \n<\/section><!-- widget-container -->\t\t\t\t<\/div>\n\t\t\t\t<\/div>\n\t\t\t\t<\/div>\n\t\t<div class=\"elementor-element elementor-element-853042e e-con-full e-flex e-con e-child\" data-id=\"853042e\" data-element_type=\"container\">\n\t\t\t\t<div class=\"elementor-element elementor-element-6bed788 aux-appear-watch-animation aux-fade-in-up-1 elementor-widget elementor-widget-aux_modern_heading\" data-id=\"6bed788\" data-element_type=\"widget\" data-widget_type=\"aux_modern_heading.default\">\n\t\t\t\t<div class=\"elementor-widget-container\">\n\t\t\t\t\t<section class=\"aux-widget-modern-heading\">\n            <div class=\"aux-widget-inner\"><h5 class=\"aux-modern-heading-primary\"><\/h5><h1 class=\"aux-modern-heading-secondary\"><span class=\"aux-head-before\">Preencha o formul\u00e1rio<\/span><\/h1><div class=\"aux-modern-heading-description\"><p>Para d\u00favidas ou interesses, preencha o fomul\u00e1rio abaixo:<\/p><\/div><\/div>\n        <\/section>\t\t\t\t<\/div>\n\t\t\t\t<\/div>\n\t\t\t\t<div class=\"elementor-element elementor-element-13fee9f aux-appear-watch-animation aux-fade-in-up-1 elementor-widget elementor-widget-aux_contact_form\" data-id=\"13fee9f\" data-element_type=\"widget\" data-widget_type=\"aux_contact_form.default\">\n\t\t\t\t<div class=\"elementor-widget-container\">\n\t\t\t\t\t<section class=\"widget-container aux-widget-contact-form aux-parent-au712de804\">            <div class=\"aux-col-wrapper aux-no-gutter\">\n            <!-- @TODO - The output for element here -->\n\n            \n<div class=\"wpcf7 no-js\" id=\"wpcf7-f15-o1\" lang=\"pt-BR\" dir=\"ltr\" data-wpcf7-id=\"15\">\n<div class=\"screen-reader-response\"><p role=\"status\" aria-live=\"polite\" aria-atomic=\"true\"><\/p> <ul><\/ul><\/div>\n<form action=\"\/index.php\/wp-json\/wp\/v2\/pages\/96#wpcf7-f15-o1\" method=\"post\" class=\"wpcf7-form init\" aria-label=\"Formul\u00e1rios de contato\" novalidate=\"novalidate\" data-status=\"init\">\n<div style=\"display: none;\">\n<input type=\"hidden\" name=\"_wpcf7\" value=\"15\" \/>\n<input type=\"hidden\" name=\"_wpcf7_version\" value=\"6.0.3\" \/>\n<input type=\"hidden\" name=\"_wpcf7_locale\" value=\"pt_BR\" \/>\n<input type=\"hidden\" name=\"_wpcf7_unit_tag\" value=\"wpcf7-f15-o1\" \/>\n<input type=\"hidden\" name=\"_wpcf7_container_post\" value=\"0\" \/>\n<input type=\"hidden\" name=\"_wpcf7_posted_data_hash\" value=\"\" \/>\n<\/div>\n<p><label> Seu nome<br \/>\n<span class=\"wpcf7-form-control-wrap\" data-name=\"your-name\"><input size=\"40\" maxlength=\"400\" class=\"wpcf7-form-control wpcf7-text wpcf7-validates-as-required\" autocomplete=\"Nome\" aria-required=\"true\" aria-invalid=\"false\" value=\"\" type=\"text\" name=\"your-name\" \/><\/span> <\/label>\n<\/p>\n<p><label> Seu telefone<br \/>\n<span class=\"wpcf7-form-control-wrap\" data-name=\"your-phone\"><input size=\"40\" maxlength=\"400\" class=\"wpcf7-form-control wpcf7-text wpcf7-validates-as-required\" autocomplete=\"Telefone\" aria-required=\"true\" aria-invalid=\"false\" value=\"\" type=\"text\" name=\"your-phone\" \/><\/span> <\/label>\n<\/p>\n<p><label> Seu email<br \/>\n<span class=\"wpcf7-form-control-wrap\" data-name=\"your-email\"><input size=\"40\" maxlength=\"400\" class=\"wpcf7-form-control wpcf7-email wpcf7-validates-as-required wpcf7-text wpcf7-validates-as-email\" autocomplete=\"email\" aria-required=\"true\" aria-invalid=\"false\" value=\"\" type=\"email\" name=\"your-email\" \/><\/span> <\/label>\n<\/p>\n<p><label> Assunto<br \/>\n<span class=\"wpcf7-form-control-wrap\" data-name=\"select-942\"><select class=\"wpcf7-form-control wpcf7-select\" aria-invalid=\"false\" name=\"select-942\"><option value=\"\">D\u00favidas<\/option><option value=\"Interesses\">Interesses<\/option><option value=\"Representa\u00e7\u00e3o Comercial\">Representa\u00e7\u00e3o Comercial<\/option><option value=\"Trabalhe Conosco\">Trabalhe Conosco<\/option><\/select><\/span> <\/label>\n<\/p>\n<p><label> Sua mensagem (optional)<br \/>\n<span class=\"wpcf7-form-control-wrap\" data-name=\"your-message\"><textarea cols=\"40\" rows=\"10\" maxlength=\"2000\" class=\"wpcf7-form-control wpcf7-textarea\" aria-invalid=\"false\" name=\"your-message\"><\/textarea><\/span> <\/label>\n<\/p>\n<p><input class=\"wpcf7-form-control wpcf7-submit has-spinner\" type=\"submit\" value=\"Enviar\" \/>\n<\/p><div class=\"wpcf7-response-output\" aria-hidden=\"true\"><\/div>\n<\/form>\n<\/div>\n\n\n            <\/div><!-- aux-col-wrapper -->\n    <\/section><!-- widget-container -->\t\t\t\t<\/div>\n\t\t\t\t<\/div>\n\t\t\t\t<\/div>\n\t\t\t\t\t<\/div>\n\t\t\t\t<\/div>\n\t\t<div class=\"aux-parallax-section elementor-element elementor-element-29b452e e-flex e-con-boxed e-con e-parent\" data-id=\"29b452e\" data-element_type=\"container\">\n\t\t\t\t\t<div class=\"e-con-inner\">\n\t\t\t\t<div class=\"elementor-element elementor-element-9b161bf elementor-widget elementor-widget-google_maps\" data-id=\"9b161bf\" data-element_type=\"widget\" data-widget_type=\"google_maps.default\">\n\t\t\t\t<div class=\"elementor-widget-container\">\n\t\t\t\t\t\t\t<div class=\"elementor-custom-embed\">\n\t\t\t<iframe loading=\"lazy\"\n\t\t\t\t\tsrc=\"https:\/\/maps.google.com\/maps?q=Plasroll%20embalagens&#038;t=m&#038;z=10&#038;output=embed&#038;iwloc=near\"\n\t\t\t\t\ttitle=\"Plasroll embalagens\"\n\t\t\t\t\taria-label=\"Plasroll embalagens\"\n\t\t\t><\/iframe>\n\t\t<\/div>\n\t\t\t\t\t\t<\/div>\n\t\t\t\t<\/div>\n\t\t\t\t\t<\/div>\n\t\t\t\t<\/div>\n\t\t\t\t<\/div>\n\t\t","protected":false},"excerpt":{"rendered":"<p>Entre em Contato Fale conosco ou nos fa\u00e7a uma visita: Endere\u00e7o: R. Jo\u00e3o Duva, 63 &#8211; Distrito Industrial, S\u00e3o Jos\u00e9 do Rio Pardo &#8211; SP, 13720-000 Telefones: Fixo: (19) 3680-0989 WhatsApp (Vendas):(19) 99287-8884 Email contato@plasroll.com.brrh@plask.com.br\u00a0(Curr\u00edculos) Instagram @plasrollembalagens Facebook @Plasroll Embalagens Preencha o formul\u00e1rio Para d\u00favidas ou interesses, preencha o fomul\u00e1rio abaixo: Seu nome Seu telefone [&hellip;]<\/p>\n","protected":false},"author":2,"featured_media":0,"parent":0,"menu_order":0,"comment_status":"closed","ping_status":"closed","template":"templates\/page-builder-content.php","meta":{"footnotes":""},"class_list":["post-96","page","type-page","status-publish","hentry"],"_links":{"self":[{"href":"https:\/\/www.plasroll.com.br\/index.php\/wp-json\/wp\/v2\/pages\/96","targetHints":{"allow":["GET"]}}],"collection":[{"href":"https:\/\/www.plasroll.com.br\/index.php\/wp-json\/wp\/v2\/pages"}],"about":[{"href":"https:\/\/www.plasroll.com.br\/index.php\/wp-json\/wp\/v2\/types\/page"}],"author":[{"embeddable":true,"href":"https:\/\/www.plasroll.com.br\/index.php\/wp-json\/wp\/v2\/users\/2"}],"replies":[{"embeddable":true,"href":"https:\/\/www.plasroll.com.br\/index.php\/wp-json\/wp\/v2\/comments?post=96"}],"version-history":[{"count":3,"href":"https:\/\/www.plasroll.com.br\/index.php\/wp-json\/wp\/v2\/pages\/96\/revisions"}],"predecessor-version":[{"id":1546,"href":"https:\/\/www.plasroll.com.br\/index.php\/wp-json\/wp\/v2\/pages\/96\/revisions\/1546"}],"wp:attachment":[{"href":"https:\/\/www.plasroll.com.br\/index.php\/wp-json\/wp\/v2\/media?parent=96"}],"curies":[{"name":"wp","href":"https:\/\/api.w.org\/{rel}","templated":true}]}}